{"id":25,"date":"2018-08-19T06:58:10","date_gmt":"2018-08-19T06:58:10","guid":{"rendered":"http:\/\/www.crows-flight.com\/?page_id=25"},"modified":"2025-12-17T09:36:05","modified_gmt":"2025-12-17T09:36:05","slug":"tour","status":"publish","type":"page","link":"https:\/\/www.crows-flight.com\/?page_id=25","title":{"rendered":"Tour"},"content":{"rendered":"\n<p>If you are interested in to see Crow&#8217;s Flight live please <a href=\"https:\/\/www.crows-flight.com\/?page_id=27\" data-type=\"page\" data-id=\"27\">contact us<\/a> to make it happen.<\/p>\n\n\n\n<h2 class=\"wp-block-heading\"><strong>Upcoming gigs<\/strong><\/h2>\n\n\n\n<figure class=\"wp-block-table is-style-regular\"><table class=\"has-fixed-layout\"><tbody><tr><td><strong>Country \/City<\/strong><\/td><td><strong>Venue<\/strong><\/td><td><strong>Date<\/strong><\/td><\/tr><tr><td>Finland\/ Helsinki<\/td><td>On the Rocks<\/td><td>2026-06-25<br><a href=\"https:\/\/www.tiketti.fi\/tapahtuma\/114575\">https:\/\/www.tiketti.fi\/tapahtuma\/114575<\/a><\/td><\/tr><tr><td><\/td><td><\/td><td><\/td><\/tr><\/tbody><\/table><\/figure>\n\n\n\n<h4 class=\"wp-block-heading\">Past gigs<\/h4>\n\n\n\n<figure class=\"wp-block-table is-style-regular\"><table class=\"has-fixed-layout\"><tbody><tr><td>Country \/City<\/td><td>Venue<\/td><td>Date<\/td><\/tr><tr><td>Finland \/Harjavalta<\/td><td>Rock Bar (NWOFHM)<\/td><td>08.11.2025<\/td><\/tr><tr><td>Finland\/ Helsinki<\/td><td>Playhouse Bar (NWOFHM)<\/td><td>25.10.2025<\/td><\/tr><tr><td>Germany \/Schmalkalden<\/td><td>Tattoo festival<\/td><td>30.08.2025<\/td><\/tr><tr><td>Finland\/Turku<\/td><td>Airisniemen kartano (private)<\/td><td>27.06.2025<\/td><\/tr><tr><td>Finland\/Riihim\u00e4ki<\/td><td>Wanha Mestari (NWOFHM)<\/td><td>01.03.2025<\/td><\/tr><tr><td>Finland\/Tampere<\/td><td>Varjobaari (NWOFHM)<\/td><td>22.02.2025<\/td><\/tr><tr><td>Finland \/ Sein\u00e4joki<\/td><td>Helena&#8217;s Bier Bar<\/td><td>09.11.2024<\/td><\/tr><tr><td>Finland \/ Harjavalta<\/td><td>Harolafest<\/td><td>05.07.2024<\/td><\/tr><tr><td>Switzerland \/<\/td><td>Mannrieder chiubi fest<\/td><td>16.08.2014<\/td><\/tr><tr><td>Finland \/ Eura<\/td><td>Public House Acoustic<\/td><td>24.03.2012<\/td><\/tr><tr><td>Finland \/ Tampere<\/td><td>Yo-talo<\/td><td>23.03.2012<\/td><\/tr><tr><td>Switzerland \/ Thun<\/td><td>Metal Night Festival<\/td><td>03.03.2012<\/td><\/tr><tr><td>Switzerland \/ Adelboden<\/td><td>BAR &#8211; ALPARTIG<\/td><td>02.03.2012<\/td><\/tr><tr><td>Finland \/ M\u00e4ntt\u00e4<\/td><td>Morgan kane<\/td><td>30.09.2011<\/td><\/tr><tr><td>Finland \/ Pohjanmaa<\/td><td>Selviytyj\u00e4t festival<\/td><td>20.08.2011<\/td><\/tr><tr><td>Finland \/ J\u00e4rvenp\u00e4\u00e4<\/td><td>Blackpool<\/td><td>21.05.2011<\/td><\/tr><tr><td>Finland \/ Koskenkorva<\/td><td>Kosken Kirkas<\/td><td>20.05.2011<\/td><\/tr><tr><td>Finland \/ Nummela<\/td><td>CNLA, Club Nummela<\/td><td>19.05.2011<\/td><\/tr><tr><td>Finland \/ Helsinki<\/td><td>Lady Moon acoustic<\/td><td>18.05.2011<\/td><\/tr><tr><td>Switzerland \/ Seebergli<\/td><td>LaBARacca<\/td><td>27.11.2010<\/td><\/tr><tr><td>Switzerland \/ Frutigen<\/td><td>Rustico pub<\/td><td>26.11.2010<\/td><\/tr><tr><td>Finland \/ Harjavalta<\/td><td>Night Factory<\/td><td>17.09.2010<\/td><\/tr><tr><td>Czech\/ Bratislava<\/td><td>Club Randal<\/td><td>29.11.2009<\/td><\/tr><tr><td>Czech\/ Plzen<\/td><td>Club Runway B52<\/td><td>28.11.2009<\/td><\/tr><tr><td>Czech\/ Hradec Kralove<\/td><td>Club Strojovna<\/td><td>27.11.2009<\/td><\/tr><tr><td>Czech\/ Brno<\/td><td>Club Brooklyn<\/td><td>25.11.2009<\/td><\/tr><tr><td>Czech\/ Prague<\/td><td>Club Exit Chmelnice<\/td><td>24.11.2009<\/td><\/tr><tr><td>Switzerland\/ Frutigen<\/td><td>Hotel Rustica<\/td><td>21.11.2009<\/td><\/tr><tr><td>Switzerland \/ Uster<\/td><td>Rock City<\/td><td>20.11.2009<\/td><\/tr><tr><td>Finland \/ Harjavalta<\/td><td>Night Factory<\/td><td>19.09.2009<\/td><\/tr><tr><td>Finland \/ Helsinki<\/td><td>On The Rocks<\/td><td>18.09.2009<\/td><\/tr><\/tbody><\/table><\/figure>\n\n\n\n<p><\/p>\n\n\n\n<p><\/p>\n","protected":false},"excerpt":{"rendered":"<p>If you are interested in to see Crow&#8217;s Flight live please contact us to make it happen. Upcoming gigs Country \/City Venue Date Finland\/ Helsinki On the Rocks 2026-06-25https:\/\/www.tiketti.fi\/tapahtuma\/114575 Past gigs Country \/City Venue Date Finland \/Harjavalta Rock Bar (NWOFHM) 08.11.2025 Finland\/ Helsinki Playhouse Bar (NWOFHM) 25.10.2025 Germany \/Schmalkalden Tattoo festival 30.08.2025 Finland\/Turku Airisniemen kartano (private) 27.06.2025 Finland\/Riihim\u00e4ki Wanha Mestari (NWOFHM) 01.03.2025 Finland\/Tampere Varjobaari (NWOFHM) 22.02.2025 Finland \/ Sein\u00e4joki Helena&#8217;s Bier Bar 09.11.2024 Finland \/ Harjavalta Harolafest 05.07.2024 Switzerland \/ Mannrieder chiubi fest 16.08.2014 Finland \/ Eura Public House Acoustic 24.03.2012 Finland \/ Tampere Yo-talo 23.03.2012 Switzerland \/ Thun Metal [&hellip;]<\/p>\n","protected":false},"author":1,"featured_media":0,"parent":0,"menu_order":0,"comment_status":"closed","ping_status":"closed","template":"","meta":{"footnotes":""},"class_list":["post-25","page","type-page","status-publish","hentry"],"_links":{"self":[{"href":"https:\/\/www.crows-flight.com\/index.php?rest_route=\/wp\/v2\/pages\/25","targetHints":{"allow":["GET"]}}],"collection":[{"href":"https:\/\/www.crows-flight.com\/index.php?rest_route=\/wp\/v2\/pages"}],"about":[{"href":"https:\/\/www.crows-flight.com\/index.php?rest_route=\/wp\/v2\/types\/page"}],"author":[{"embeddable":true,"href":"https:\/\/www.crows-flight.com\/index.php?rest_route=\/wp\/v2\/users\/1"}],"replies":[{"embeddable":true,"href":"https:\/\/www.crows-flight.com\/index.php?rest_route=%2Fwp%2Fv2%2Fcomments&post=25"}],"version-history":[{"count":21,"href":"https:\/\/www.crows-flight.com\/index.php?rest_route=\/wp\/v2\/pages\/25\/revisions"}],"predecessor-version":[{"id":379,"href":"https:\/\/www.crows-flight.com\/index.php?rest_route=\/wp\/v2\/pages\/25\/revisions\/379"}],"wp:attachment":[{"href":"https:\/\/www.crows-flight.com\/index.php?rest_route=%2Fwp%2Fv2%2Fmedia&parent=25"}],"curies":[{"name":"wp","href":"https:\/\/api.w.org\/{rel}","templated":true}]}}